{"id":264,"date":"2025-11-04T12:24:09","date_gmt":"2025-11-04T12:24:09","guid":{"rendered":"http:\/\/chauvet-peinture.com\/?page_id=264"},"modified":"2025-11-04T16:49:30","modified_gmt":"2025-11-04T16:49:30","slug":"mentions-legales","status":"publish","type":"page","link":"https:\/\/chauvet-peinture.com\/?page_id=264","title":{"rendered":"Mentions l\u00e9gales"},"content":{"rendered":"\n<div class=\"wp-block-cover alignfull has-parallax wp-duotone-grayscale\" style=\"margin-top:0;padding-top:5vw;padding-right:5vw;padding-bottom:5vw;padding-left:5vw\"><div class=\"wp-block-cover__image-background wp-image-85 size-full has-parallax\" style=\"background-position:50% 50%;background-image:url(https:\/\/chauvet-peinture.com\/wp-content\/uploads\/2025\/11\/IMG_8866-scaled.png)\"><\/div><span aria-hidden=\"true\" class=\"wp-block-cover__background has-ast-global-color-4-background-color has-background-dim-90 has-background-dim\"><\/span><div class=\"wp-block-cover__inner-container is-layout-flow wp-block-cover-is-layout-flow\">\n<h2 class=\"wp-block-heading has-ast-global-color-2-color has-text-color has-link-color wp-elements-1db902a1cf643334a9c18b8c26451183\">Mentions l\u00e9gales<\/h2>\n\n\n\n<p class=\"has-small-font-size\"><strong>\u00c9diteur du site<\/strong><br>Le site <em>chauvet-peinture.com<\/em> est \u00e9dit\u00e9 par Franck Avenel, responsable de la conception, de la r\u00e9alisation et de la mise \u00e0 jour des contenus.<br>Email de contact : contact@chauvet-peinture.com<br>Le site est d\u00e9di\u00e9 \u00e0 la pr\u00e9sentation des \u0153uvres, expositions et \u00e9crits de <strong>Jean-Pierre Chauvet<\/strong>, artiste peintre.<\/p>\n\n\n\n<p class=\"has-small-font-size\"><strong>H\u00e9bergement<\/strong><br>Site h\u00e9berg\u00e9 par <strong>OVH SAS<\/strong><br>2, rue Kellermann \u2013 59100 Roubaix \u2013 France<br>T\u00e9l. : +33 (0)9 72 10 10 07<br><a href=\"https:\/\/www.ovh.com\" target=\"_blank\" rel=\"noopener\">www.ovh.com<\/a><\/p>\n\n\n\n<p class=\"has-small-font-size\"><strong>Cr\u00e9dits techniques<\/strong><br>Le site repose sur le CMS <strong>WordPress<\/strong>, th\u00e8me <strong>Astra<\/strong>.<br>D\u00e9veloppement, int\u00e9gration et configuration : Franck Avenel.<\/p>\n\n\n\n<p class=\"has-small-font-size\"><strong>Cr\u00e9dits photographiques<\/strong><br>Sauf mentions contraires, toutes les photographies et reproductions d\u2019\u0153uvres, vues d\u2019atelier et visuels d\u2019exposition sont la propri\u00e9t\u00e9 de Franck Avenel et ne peuvent \u00eatre reproduites sans autorisation \u00e9crite pr\u00e9alable.<br>Les autres images ou documents sont cr\u00e9dit\u00e9s \u00e0 leurs auteurs respectifs lorsqu\u2019ils sont connus.<\/p>\n\n\n\n<p class=\"has-small-font-size\"><strong>Droits d\u2019auteur<\/strong><br>L\u2019ensemble des contenus pr\u00e9sents sur ce site (textes, images, photographies, graphismes, logos, etc.) est prot\u00e9g\u00e9 par le Code de la propri\u00e9t\u00e9 intellectuelle.<br>Toute reproduction, diffusion, modification ou exploitation sans autorisation de l\u2019auteur ou de ses ayants droit est strictement interdite.<\/p>\n\n\n\n<p class=\"has-small-font-size\"><strong>Responsabilit\u00e9<\/strong><br>Les informations diffus\u00e9es sur le site <em>chauvet-peinture.com<\/em> ont un caract\u00e8re purement informatif.<br>L\u2019\u00e9diteur ne saurait \u00eatre tenu responsable des erreurs, omissions ou d\u2019une indisponibilit\u00e9 temporaire du service.<\/p>\n\n\n\n<p class=\"has-small-font-size\"><strong>Donn\u00e9es personnelles<\/strong><br>Ce site ne collecte aucune donn\u00e9e personnelle \u00e0 des fins commerciales et ne recourt \u00e0 aucun syst\u00e8me de suivi ou de mesure d\u2019audience autre que les outils techniques n\u00e9cessaires \u00e0 son fonctionnement (cookies techniques).<\/p>\n\n\n\n<p class=\"has-small-font-size\"><strong>Cr\u00e9dits &amp; contact<\/strong><br>Pour toute demande relative aux contenus ou \u00e0 l\u2019utilisation des images, contacter : contact@chauvet-peinture.com.<\/p>\n\n\n\n<p><\/p>\n\n\n\n<div style=\"height:48px\" aria-hidden=\"true\" class=\"wp-block-spacer\"><\/div>\n<\/div><\/div>\n\n\n\n<p><\/p>\n","protected":false},"excerpt":{"rendered":"","protected":false},"author":1,"featured_media":0,"parent":0,"menu_order":0,"comment_status":"closed","ping_status":"closed","template":"","meta":{"_uag_custom_page_level_css":"","site-sidebar-layout":"default","site-content-layout":"","ast-site-content-layout":"default","site-content-style":"default","site-sidebar-style":"default","ast-global-header-display":"","ast-banner-title-visibility":"","ast-main-header-display":"","ast-hfb-above-header-display":"","ast-hfb-below-header-display":"","ast-hfb-mobile-header-display":"","site-post-title":"disabled","ast-breadcrumbs-content":"","ast-featured-img":"","footer-sml-layout":"","theme-transparent-header-meta":"","adv-header-id-meta":"","stick-header-meta":"","header-above-stick-meta":"","header-main-stick-meta":"","header-below-stick-meta":"","astra-migrate-meta-layouts":"default","ast-page-background-enabled":"default","ast-page-background-meta":{"desktop":{"background-color":"var(--ast-global-color-5)","background-image":"","background-repeat":"repeat","background-position":"center center","background-size":"auto","background-attachment":"scroll","background-type":"","background-media":"","overlay-type":"","overlay-color":"","overlay-opacity":"","overlay-gradient":""},"tablet":{"background-color":"","background-image":"","background-repeat":"repeat","background-position":"center center","background-size":"auto","background-attachment":"scroll","background-type":"","background-media":"","overlay-type":"","overlay-color":"","overlay-opacity":"","overlay-gradient":""},"mobile":{"background-color":"","background-image":"","background-repeat":"repeat","background-position":"center center","background-size":"auto","background-attachment":"scroll","background-type":"","background-media":"","overlay-type":"","overlay-color":"","overlay-opacity":"","overlay-gradient":""}},"ast-content-background-meta":{"desktop":{"background-color":"var(--ast-global-color-4)","background-image":"","background-repeat":"repeat","background-position":"center center","background-size":"auto","background-attachment":"scroll","background-type":"","background-media":"","overlay-type":"","overlay-color":"","overlay-opacity":"","overlay-gradient":""},"tablet":{"background-color":"var(--ast-global-color-4)","background-image":"","background-repeat":"repeat","background-position":"center center","background-size":"auto","background-attachment":"scroll","background-type":"","background-media":"","overlay-type":"","overlay-color":"","overlay-opacity":"","overlay-gradient":""},"mobile":{"background-color":"var(--ast-global-color-4)","background-image":"","background-repeat":"repeat","background-position":"center center","background-size":"auto","background-attachment":"scroll","background-type":"","background-media":"","overlay-type":"","overlay-color":"","overlay-opacity":"","overlay-gradient":""}},"footnotes":""},"class_list":["post-264","page","type-page","status-publish","hentry"],"uagb_featured_image_src":{"full":false,"thumbnail":false,"medium":false,"medium_large":false,"large":false,"1536x1536":false,"2048x2048":false},"uagb_author_info":{"display_name":"admin7849","author_link":"https:\/\/chauvet-peinture.com\/author\/admin7849"},"uagb_comment_info":0,"uagb_excerpt":null,"_links":{"self":[{"href":"https:\/\/chauvet-peinture.com\/index.php?rest_route=\/wp\/v2\/pages\/264","targetHints":{"allow":["GET"]}}],"collection":[{"href":"https:\/\/chauvet-peinture.com\/index.php?rest_route=\/wp\/v2\/pages"}],"about":[{"href":"https:\/\/chauvet-peinture.com\/index.php?rest_route=\/wp\/v2\/types\/page"}],"author":[{"embeddable":true,"href":"https:\/\/chauvet-peinture.com\/index.php?rest_route=\/wp\/v2\/users\/1"}],"replies":[{"embeddable":true,"href":"https:\/\/chauvet-peinture.com\/index.php?rest_route=%2Fwp%2Fv2%2Fcomments&post=264"}],"version-history":[{"count":8,"href":"https:\/\/chauvet-peinture.com\/index.php?rest_route=\/wp\/v2\/pages\/264\/revisions"}],"predecessor-version":[{"id":616,"href":"https:\/\/chauvet-peinture.com\/index.php?rest_route=\/wp\/v2\/pages\/264\/revisions\/616"}],"wp:attachment":[{"href":"https:\/\/chauvet-peinture.com\/index.php?rest_route=%2Fwp%2Fv2%2Fmedia&parent=264"}],"curies":[{"name":"wp","href":"https:\/\/api.w.org\/{rel}","templated":true}]}}