{"id":11,"date":"2025-11-02T10:53:38","date_gmt":"2025-11-02T10:53:38","guid":{"rendered":"http:\/\/chauvet-peinture.com\/?page_id=11"},"modified":"2026-02-23T17:31:30","modified_gmt":"2026-02-23T17:31:30","slug":"home","status":"publish","type":"page","link":"https:\/\/chauvet-peinture.com\/","title":{"rendered":"Accueil"},"content":{"rendered":"\n<div class=\"wp-block-cover alignfull\" style=\"min-height:100vh;aspect-ratio:unset;\"><img loading=\"lazy\" decoding=\"async\" width=\"2560\" height=\"2098\" class=\"wp-block-cover__image-background wp-image-84 size-full\" alt=\"\" src=\"https:\/\/chauvet-peinture.com\/wp-content\/uploads\/2025\/11\/IMG_8865-scaled.png\" style=\"object-position:50% 0%\" data-object-fit=\"cover\" data-object-position=\"50% 0%\" srcset=\"https:\/\/chauvet-peinture.com\/wp-content\/uploads\/2025\/11\/IMG_8865-scaled.png 2560w, https:\/\/chauvet-peinture.com\/wp-content\/uploads\/2025\/11\/IMG_8865-300x246.png 300w, https:\/\/chauvet-peinture.com\/wp-content\/uploads\/2025\/11\/IMG_8865-1024x839.png 1024w, https:\/\/chauvet-peinture.com\/wp-content\/uploads\/2025\/11\/IMG_8865-768x629.png 768w, https:\/\/chauvet-peinture.com\/wp-content\/uploads\/2025\/11\/IMG_8865-1536x1259.png 1536w, https:\/\/chauvet-peinture.com\/wp-content\/uploads\/2025\/11\/IMG_8865-2048x1678.png 2048w\" sizes=\"auto, (max-width: 2560px) 100vw, 2560px\" \/><span aria-hidden=\"true\" class=\"wp-block-cover__background has-background-dim-20 has-background-dim wp-block-cover__gradient-background has-background-gradient has-luminous-vivid-orange-to-vivid-red-gradient-background\"><\/span><div class=\"wp-block-cover__inner-container is-layout-flow wp-block-cover-is-layout-flow\">\n<blockquote class=\"wp-block-quote is-layout-flow wp-block-quote-is-layout-flow\">\n<p class=\"has-ast-global-color-5-color has-text-color has-link-color wp-elements-041961107d87c9d9f91e7ccdc2262c67\"><\/p>\n\n\n\n<p><\/p>\n<\/blockquote>\n\n\n\n<p class=\"has-text-align-center has-large-font-size\"><\/p>\n\n\n\n<p><\/p>\n\n\n\n<p class=\"has-ast-global-color-5-color has-text-color has-link-color wp-elements-041961107d87c9d9f91e7ccdc2262c67\"><\/p>\n\n\n\n<p><\/p>\n\n\n\n<p class=\"has-ast-global-color-5-color has-text-color has-link-color wp-elements-041961107d87c9d9f91e7ccdc2262c67\"><\/p>\n\n\n\n<p class=\"has-ast-global-color-5-color has-text-color has-link-color wp-elements-041961107d87c9d9f91e7ccdc2262c67\"><\/p>\n\n\n\n<div style=\"height:263px\" aria-hidden=\"true\" class=\"wp-block-spacer\"><\/div>\n\n\n\n<p class=\"has-text-align-center has-ast-global-color-5-color has-text-color has-link-color wp-elements-1a0b0fc7d3478f2ec2b16a7be37bad0d\" style=\"margin-top:0px;margin-bottom:0px\">Jean-Pierre Chauvet vit \u00e0 Aigaliers, atelier \u00e0 Foissac, Gard.<\/p>\n\n\n\n<p class=\"has-text-align-center has-white-color has-text-color has-link-color wp-elements-6ade0e894e749e6fedd7c368b40ed19d\" style=\"margin-right:0;margin-left:0\">Le site r\u00e9unit une s\u00e9lection de peintures sur toile tir\u00e9es des s\u00e9ries <em><a href=\"https:\/\/chauvet-peinture.com\/?page_id=297#coeur\">Au c\u0153ur du c\u0153ur de la peinture, paysage<\/a><\/em>s (\u00e0 partir de 1985) et <em><a href=\"https:\/\/chauvet-peinture.com\/?page_id=297#rouge\">Territoires rouges<\/a><\/em> (de 2022 \u00e0 2025) , des <a href=\"https:\/\/chauvet-peinture.com\/?page_id=812\">carnets de gouaches<\/a> r\u00e9alis\u00e9es sur le motif (entre 2003 et 2009), des <a href=\"https:\/\/chauvet-peinture.com\/?page_id=289\">expositions<\/a>, des \u00e9crits personnels et des <a href=\"https:\/\/chauvet-peinture.com\/?page_id=272\">photographes d\u2019ateliers.<\/a><\/p>\n\n\n\n<div style=\"height:122px\" aria-hidden=\"true\" class=\"wp-block-spacer\"><\/div>\n\n\n<nav class=\"has-small-font-size items-justified-center alignfull wp-block-navigation is-horizontal is-content-justification-center is-layout-flex wp-container-core-navigation-is-layout-03627597 wp-block-navigation-is-layout-flex\" aria-label=\"Menu\"><ul class=\"wp-block-navigation__container has-small-font-size items-justified-center alignfull wp-block-navigation has-small-font-size\"><li class=\"has-small-font-size wp-block-navigation-item wp-block-navigation-link\"><a class=\"wp-block-navigation-item__content\"  href=\"https:\/\/chauvet-peinture.com\/?page_id=297\"><span class=\"wp-block-navigation-item__label\">Peintures<\/span><\/a><\/li><li class=\"has-small-font-size wp-block-navigation-item wp-block-navigation-link\"><a class=\"wp-block-navigation-item__content\"  href=\"https:\/\/chauvet-peinture.com\/?page_id=812\"><span class=\"wp-block-navigation-item__label\">Carnets<\/span><\/a><\/li><li class=\"has-small-font-size wp-block-navigation-item wp-block-navigation-link\"><a class=\"wp-block-navigation-item__content\"  href=\"https:\/\/chauvet-peinture.com\/?page_id=289\"><span class=\"wp-block-navigation-item__label\">Expositions<\/span><\/a><\/li><li class=\"has-small-font-size wp-block-navigation-item wp-block-navigation-link\"><a class=\"wp-block-navigation-item__content\"  href=\"https:\/\/chauvet-peinture.com\/?page_id=272\"><span class=\"wp-block-navigation-item__label\">Atelier(s)<\/span><\/a><\/li><li class=\"has-small-font-size wp-block-navigation-item wp-block-navigation-link\"><a class=\"wp-block-navigation-item__content\"  href=\"https:\/\/chauvet-peinture.com\/?page_id=264\"><span class=\"wp-block-navigation-item__label\">Mentions l\u00e9gales<\/span><\/a><\/li><\/ul><\/nav><\/div><\/div>\n\n\n\n<p><\/p>\n","protected":false},"excerpt":{"rendered":"","protected":false},"author":1,"featured_media":0,"parent":0,"menu_order":0,"comment_status":"closed","ping_status":"closed","template":"","meta":{"_uag_custom_page_level_css":"","site-sidebar-layout":"no-sidebar","site-content-layout":"plain-container","ast-site-content-layout":"default","site-content-style":"default","site-sidebar-style":"default","ast-global-header-display":"","ast-banner-title-visibility":"","ast-main-header-display":"","ast-hfb-above-header-display":"","ast-hfb-below-header-display":"","ast-hfb-mobile-header-display":"","site-post-title":"disabled","ast-breadcrumbs-content":"","ast-featured-img":"","footer-sml-layout":"","theme-transparent-header-meta":"enabled","adv-header-id-meta":"","stick-header-meta":"","header-above-stick-meta":"","header-main-stick-meta":"","header-below-stick-meta":"","astra-migrate-meta-layouts":"default","ast-page-background-enabled":"default","ast-page-background-meta":{"desktop":{"background-color":"var(--ast-global-color-5)","background-image":"","background-repeat":"repeat","background-position":"center center","background-size":"auto","background-attachment":"scroll","background-type":"","background-media":"","overlay-type":"","overlay-color":"","overlay-opacity":"","overlay-gradient":""},"tablet":{"background-color":"","background-image":"","background-repeat":"repeat","background-position":"center center","background-size":"auto","background-attachment":"scroll","background-type":"","background-media":"","overlay-type":"","overlay-color":"","overlay-opacity":"","overlay-gradient":""},"mobile":{"background-color":"","background-image":"","background-repeat":"repeat","background-position":"center center","background-size":"auto","background-attachment":"scroll","background-type":"","background-media":"","overlay-type":"","overlay-color":"","overlay-opacity":"","overlay-gradient":""}},"ast-content-background-meta":{"desktop":{"background-color":"var(--ast-global-color-4)","background-image":"","background-repeat":"repeat","background-position":"center center","background-size":"auto","background-attachment":"scroll","background-type":"","background-media":"","overlay-type":"","overlay-color":"","overlay-opacity":"","overlay-gradient":""},"tablet":{"background-color":"var(--ast-global-color-4)","background-image":"","background-repeat":"repeat","background-position":"center center","background-size":"auto","background-attachment":"scroll","background-type":"","background-media":"","overlay-type":"","overlay-color":"","overlay-opacity":"","overlay-gradient":""},"mobile":{"background-color":"var(--ast-global-color-4)","background-image":"","background-repeat":"repeat","background-position":"center center","background-size":"auto","background-attachment":"scroll","background-type":"","background-media":"","overlay-type":"","overlay-color":"","overlay-opacity":"","overlay-gradient":""}},"footnotes":""},"class_list":["post-11","page","type-page","status-publish","hentry"],"uagb_featured_image_src":{"full":false,"thumbnail":false,"medium":false,"medium_large":false,"large":false,"1536x1536":false,"2048x2048":false},"uagb_author_info":{"display_name":"admin7849","author_link":"https:\/\/chauvet-peinture.com\/author\/admin7849"},"uagb_comment_info":0,"uagb_excerpt":null,"_links":{"self":[{"href":"https:\/\/chauvet-peinture.com\/index.php?rest_route=\/wp\/v2\/pages\/11","targetHints":{"allow":["GET"]}}],"collection":[{"href":"https:\/\/chauvet-peinture.com\/index.php?rest_route=\/wp\/v2\/pages"}],"about":[{"href":"https:\/\/chauvet-peinture.com\/index.php?rest_route=\/wp\/v2\/types\/page"}],"author":[{"embeddable":true,"href":"https:\/\/chauvet-peinture.com\/index.php?rest_route=\/wp\/v2\/users\/1"}],"replies":[{"embeddable":true,"href":"https:\/\/chauvet-peinture.com\/index.php?rest_route=%2Fwp%2Fv2%2Fcomments&post=11"}],"version-history":[{"count":60,"href":"https:\/\/chauvet-peinture.com\/index.php?rest_route=\/wp\/v2\/pages\/11\/revisions"}],"predecessor-version":[{"id":1594,"href":"https:\/\/chauvet-peinture.com\/index.php?rest_route=\/wp\/v2\/pages\/11\/revisions\/1594"}],"wp:attachment":[{"href":"https:\/\/chauvet-peinture.com\/index.php?rest_route=%2Fwp%2Fv2%2Fmedia&parent=11"}],"curies":[{"name":"wp","href":"https:\/\/api.w.org\/{rel}","templated":true}]}}